{"id":814,"date":"2021-02-12T08:55:13","date_gmt":"2021-02-12T07:55:13","guid":{"rendered":"http:\/\/www.digitalhub.coop\/?page_id=814"},"modified":"2021-02-17T16:13:14","modified_gmt":"2021-02-17T15:13:14","slug":"termini-di-utilizzo","status":"publish","type":"page","link":"https:\/\/www.digitalhub.coop\/en\/termini-di-utilizzo\/","title":{"rendered":"Termini di utilizzo"},"content":{"rendered":"<p>[et_pb_section fb_built=&#8221;1&#8243; _builder_version=&#8221;4.4.3&#8243;][et_pb_row _builder_version=&#8221;4.4.3&#8243;][et_pb_column type=&#8221;4_4&#8243; _builder_version=&#8221;4.4.3&#8243;][et_pb_text _builder_version=&#8221;4.9.0&#8243;]<\/p>\n<h2 style=\"text-align: center;\"><strong>Termini di utilizzo<\/strong><\/h2>\n<p>[\/et_pb_text][et_pb_text _builder_version=&#8221;4.9.0&#8243;]<\/p>\n<ol>\n<li><strong> Termini e condizioni generali di utilizzo<\/strong><\/li>\n<\/ol>\n<p>Benvenuti nel sito digitalhub.coop (di seguito il \u201cSito\u201d)<\/p>\n<p>L&#8217;accesso e la navigazione nel presente sito internet implicano l&#8217;accettazione delle previsioni indicate nei presenti termini e condizioni di utilizzo (di seguito \u201cTermini d\u2019Uso\u201d). da parte dell\u2019utente (\u201cUtente\u201d). Gli Utenti che non intendono accettare il contenuto dei Termini d\u2019Uso dovrebbero interrompere l\u2019accesso e la navigazione nel Sito.<br \/> Il Sito \u00e8 gestito da DigitalHUB che si riserva la facolt\u00e0, a propria esclusiva discrezione, in qualsiasi momento e senza preavviso, di modificare i Termini d\u2019Uso. L\u2019utilizzo del Sito successivo all\u2019esecuzione di tali modifiche comporta l\u2019accettazione dei Termini d\u2019Uso nella loro versione modificata e la piena accettazione della loro natura obbligatoria.<br \/> All\u2019interno del Sito sono previste molteplici funzionalit\u00e0 per informare gli Utenti in merito ai prodotti venduti da DigitalHUB e ai servizi presenti nel Sito, come, per esempio, la possibilit\u00e0 per gli Utenti di registrarsi al Sito, iscriversi a mailing list per ricevere newsletter commerciali ed alle iniziative del Sito; partecipare a iniziative promozionali.<br \/> Per qualsiasi ulteriore informazione legale, si prega di consultare le sezioni <a href=\"https:\/\/www.digitalhub.coop\/condizioni-di-vendita\/\">Condizioni Generali di Vendita<\/a> e la nostra <a href=\"https:\/\/www.digitalhub.coop\/privacy-policy\/\">Privacy Policy<\/a> o, per qualsiasi ulteriore necessit\u00e0 o assistenza, l\u2019area <a href=\"https:\/\/www.digitalhub.coop\/support\/\">Servizio Clienti<\/a>.<\/p>\n<ol start=\"2\">\n<li><strong> Diritti di Propriet\u00e0 Intellettuale<\/strong><\/li>\n<\/ol>\n<p>L\u2019intero Sito \u00e8 protetto dalla legislazione internazionale sul diritto d\u2019autore, sui marchi commerciali e sui diritti di propriet\u00e0 intellettuale in generale che copre sia la forma (scelta, struttura e design dei materiali, mezzi di accesso ai dati, database od organizzazione di dati, ecc.) sia ogni elemento dei contenuti (marchi, testo, illustrazioni, grafica e altri elementi visivi, video, ecc.). I contenuti presenti sulle pagine del Sito sono di esclusiva propriet\u00e0 di DigitalHUB, che non concede alcuna licenza o altro diritto se non quello di consultare tali contenuti sul Sito.<\/p>\n<p>Sono severamente vietate la riproduzione, la rappresentazione, la distribuzione o la ridistribuzione, totale o parziale, dei contenuti tramite qualunque tipo di processo, cos\u00ec come la vendita, la rivendita, la ritrasmissione o la fornitura a terzi in qualsiasi modo. La mancata conformit\u00e0 a tali restrizioni costituisce una contraffazione ed espone il trasgressore a responsabilit\u00e0 civili e penali.<\/p>\n<ol start=\"3\">\n<li><strong> Marchi e domini<\/strong><\/li>\n<\/ol>\n<p>Tutti i marchi ed i segni distintivi presenti sul Sito sono di titolarit\u00e0 esclusiva di DigitalHUB che ha \u00a0la facolt\u00e0 di far uso esclusivo del proprio marchio. Pertanto, qualsiasi uso non consentito, non autorizzato e\/o non conforme alla legge \u00e8 severamente vietato e comporta conseguenze legali. Non \u00e8 in alcun modo consentito usare il marchio ed ogni altro segno distintivo presente sul Sito per trarre indebitamente, anche indirettamente, vantaggio dal carattere distintivo o dalla rinomanza del marchio DigitalHUB o in modo da recare pregiudizio allo stesso ed ai loro titolari.<\/p>\n<p>Il dominio www.digitalhub.coop, \u00e8 di titolarit\u00e0 di Consorzio ITACA a.r.l. Nessun utilizzo, seppur indiretto, \u00e8 consentito, salva specifica autorizzazione scritta del \u00a0titolare.<\/p>\n<ol start=\"4\">\n<li><strong> Account personale<\/strong><\/li>\n<\/ol>\n<p>Nel caso di creazione di un account personale sul Sito (&#8220;Account&#8221;), l\u2019Utente si impegna a fornire informazioni personali vere e accurate in sede di registrazione e ad aggiornarle regolarmente.<br \/> L\u2019Utente registrato \u00e8 invitato a conservare le proprie credenziali d\u2019accesso all\u2019Account in modo appropriato e a non divulgarle. L\u2019Utente registrato deve comunicare tempestivamente al Sito ogni eventuale utilizzo non autorizzato delle proprie credenziali d\u2019accesso all\u2019Account.<br \/> L\u2019Utente registrato \u00e8 responsabile per ogni attivit\u00e0 eseguita a mezzo del proprio Account e potr\u00e0 essere chiamato a rispondere per eventuali danni di ogni natura conseguenti all\u2019uso improprio delle proprie credenziali d\u2019accesso all\u2019Account oppure per ogni abuso dei servizi forniti dal Sito.<\/p>\n<ol start=\"5\">\n<li><strong> Disclaimer\/Esclusione di responsabilit\u00e0<\/strong><\/li>\n<\/ol>\n<p>Nella misura massima consentita dalla legge, il Sito, i suoi contenuti e i servizi sono forniti gratuitamente cos\u00ec come sono e nei limiti della disponibilit\u00e0. DigitalHUB non presta alcuna garanzia in relazione al Sito, ai suoi contenuti o ai servizi, quali &#8211; a titolo esemplificativo e non esaustivo &#8211; eventuali garanzie di continuit\u00e0 e di assenza di interruzioni o errori di funzionamento, di protezione rispetto a programmi dannosi (quali virus, bug, malware o simili), di adeguatezza per determinate finalit\u00e0, ed anzi esclude espressamente qualsiasi garanzia in tal senso.<br \/> Nella misura massima consentita dalla normativa applicabile, l\u2019Utente accetta di esonerare sin d\u2019ora DigitalHUB da qualsiasi responsabilit\u00e0 a qualsiasi titolo, per qualsiasi possibile danno, ivi incluso, a titolo esemplificativo e non esaustivo, qualsiasi danno diretto o indiretto di qualsiasi genere, perdita o spesa, che siano dovuti, o comunque conseguenti, all\u2019utilizzo del Sito, dei servizi, dei contenuti del Sito o ad esso relativi, di eventuali siti collegati o del loro utilizzo cos\u00ec come la mancata possibilit\u00e0 per chiunque di farne uso, ovvero collegati a qualsiasi malfunzionamento, errore, omissione, interruzione, difetto, ritardato funzionamento o ritardata trasmissione, virus informatico o malfunzionamento della linea o del sistema, anche nell&#8217;ipotesi in cui il soggetto fosse a conoscenza del possibile verificarsi di tali danni, perdite o spese.<\/p>\n<ol start=\"6\">\n<li><strong> Contenuti<\/strong><\/li>\n<\/ol>\n<p>L&#8217;accesso, l&#8217;uso del Sito, compresa la navigazione, la possibilit\u00e0 di scaricare informazioni sui prodotti venduti e l\u2019acquisto degli stessi sul Sito, sono attivit\u00e0 che possono essere liberamente condotte dagli utenti esclusivamente per usi personali ed in nessun modo correlati a qualsiasi attivit\u00e0 commerciale, imprenditoriale e professionale. Le attivit\u00e0 di utilizzo e navigazione del Sito vengono svolte dall\u2019utente in totale autonomia e pertanto DigitalHUB \u00a0non pu\u00f2 essere considerata responsabile per uso non conforme alle norme di legge vigenti, del Sito e dei contenuti da parte di ciascuno dei propri utenti. In particolare, l\u2019Utente sar\u00e0 l\u2019unico ed il solo responsabile per l\u2019uso del Sito e dei suoi contenuti. DigitalHUB pertanto non potr\u00e0 essere considerato responsabile dell\u2019uso non conforme alle norme di legge vigenti, del Sito e dei contenuti da parte di ciascuno dei propri utenti. In particolare, l\u2019Utente \u00e8 l\u2019unico responsabile della custodia e del corretto utilizzo delle proprie informazioni personali, ivi comprese le credenziali che consentono di accedere ai servizi riservati, nonch\u00e9 di ogni conseguenza dannosa o pregiudizio che dovesse derivare a carico di DigitalHUB ovvero di terzi a seguito del non corretto utilizzo, dello smarrimento, sottrazione di tali informazioni.<\/p>\n<ol start=\"7\">\n<li><strong> Collegamento ad altri Siti<\/strong><\/li>\n<\/ol>\n<p>Il Sito potr\u00e0 includere link verso altri siti web o altre fonti Internet. DigitalHUB non pu\u00f2 controllare tali siti e fonti esterne. Pertanto, DigitalHUB non sar\u00e0 da ritenersi responsabile di tali siti o fonti esterne e declina qualsiasi responsabilit\u00e0 in merito ai contenuti, ai messaggi pubblicitari, ai servizi e ad altri materiali disponibili su tali siti e fonti esterne. Inoltre DigitalHUB non sar\u00e0 da ritenersi responsabile di eventuali perdite o danni, veri o presunti, derivanti dall\u2019uso o dall\u2019affidamento fatto sui contenuti o sugli articoli e servizi disponibili su tali siti o fonti esterne.<\/p>\n<ol start=\"8\">\n<li><strong> Dati personali<\/strong><\/li>\n<\/ol>\n<p>DigitalHUB rispetta le preoccupazioni dell\u2019Utente in merito alla riservatezza dei dati personali e delle informazioni da esso trasmessi. Invitiamo a leggere la nostra <a href=\"https:\/\/www.digitalhub.coop\/privacy-policy.html\">Privacy Policy<\/a> che illustra nel dettaglio la politica di protezione dei dati da parte di DigitalHUB.<\/p>\n<ol start=\"9\">\n<li><strong> Legge applicabile e giurisdizione<\/strong><\/li>\n<\/ol>\n<p>I presenti Termini d\u2019Uso sono regolati dalla legge italiana e dovranno essere interpretati ai sensi della stessa. Il Foro di MILANO (Italia) avr\u00e0 competenza esclusiva per tutte le controversie scaturenti da o in qualsiasi modo connesse all\u2019uso del Sito e\/o relative ai Termini d\u2019Uso. In caso una qualsiasi delle previsioni di cui ai presenti Termini d\u2019Uso sia ritenuta illecita, invalida o inapplicabile, tale previsione si intender\u00e0 modificata nella minima parte necessaria per renderla lecita, valida o applicabile e le rimanenti previsioni conserveranno piena validit\u00e0 ed efficacia. Tutte le previsioni di cui ai presenti Termini d\u2019Uso si applicano nella massima misura consentita dalla legge applicabile. In particolare, tutte le controversie che riguardano i consumatori saranno soggette al diritto sostanziale ed alla giurisdizione obbligatoriamente previste per i consumatori secondo la legge applicabile.<\/p>\n<p><em><u>Ultimo aggiornamento febbraio 2021<\/u><\/em><\/p>\n<p>[\/et_pb_text][\/et_pb_column][\/et_pb_row][\/et_pb_section]<\/p>\n","protected":false},"excerpt":{"rendered":"<p>Termini di utilizzo Termini e condizioni generali di utilizzo Benvenuti nel sito digitalhub.coop (di seguito il \u201cSito\u201d) L&#8217;accesso e la navigazione nel presente sito internet implicano l&#8217;accettazione delle previsioni indicate nei presenti termini e condizioni di utilizzo (di seguito \u201cTermini d\u2019Uso\u201d). da parte dell\u2019utente (\u201cUtente\u201d). Gli Utenti che non intendono accettare il contenuto dei Termini [&hellip;]<\/p>\n","protected":false},"author":1,"featured_media":0,"parent":0,"menu_order":0,"comment_status":"closed","ping_status":"closed","template":"","meta":{"_et_pb_use_builder":"on","_et_pb_old_content":"","_et_gb_content_width":"","footnotes":""},"class_list":["post-814","page","type-page","status-publish","hentry"],"jetpack_sharing_enabled":true,"_links":{"self":[{"href":"https:\/\/www.digitalhub.coop\/en\/wp-json\/wp\/v2\/pages\/814","targetHints":{"allow":["GET"]}}],"collection":[{"href":"https:\/\/www.digitalhub.coop\/en\/wp-json\/wp\/v2\/pages"}],"about":[{"href":"https:\/\/www.digitalhub.coop\/en\/wp-json\/wp\/v2\/types\/page"}],"author":[{"embeddable":true,"href":"https:\/\/www.digitalhub.coop\/en\/wp-json\/wp\/v2\/users\/1"}],"replies":[{"embeddable":true,"href":"https:\/\/www.digitalhub.coop\/en\/wp-json\/wp\/v2\/comments?post=814"}],"version-history":[{"count":6,"href":"https:\/\/www.digitalhub.coop\/en\/wp-json\/wp\/v2\/pages\/814\/revisions"}],"predecessor-version":[{"id":3280,"href":"https:\/\/www.digitalhub.coop\/en\/wp-json\/wp\/v2\/pages\/814\/revisions\/3280"}],"wp:attachment":[{"href":"https:\/\/www.digitalhub.coop\/en\/wp-json\/wp\/v2\/media?parent=814"}],"curies":[{"name":"wp","href":"https:\/\/api.w.org\/{rel}","templated":true}]}}