{"id":797,"date":"2021-02-12T08:33:05","date_gmt":"2021-02-12T07:33:05","guid":{"rendered":"http:\/\/www.digitalhub.coop\/?page_id=797"},"modified":"2021-02-17T16:02:29","modified_gmt":"2021-02-17T15:02:29","slug":"cookie-policy","status":"publish","type":"page","link":"https:\/\/www.digitalhub.coop\/en\/cookie-policy\/","title":{"rendered":"Cookie Policy"},"content":{"rendered":"<p>[et_pb_section fb_built=&#8221;1&#8243; _builder_version=&#8221;4.4.3&#8243;][et_pb_row _builder_version=&#8221;4.9.0&#8243; hover_enabled=&#8221;0&#8243; sticky_enabled=&#8221;0&#8243;][et_pb_column type=&#8221;4_4&#8243; _builder_version=&#8221;4.4.3&#8243;][et_pb_text _builder_version=&#8221;4.4.3&#8243;]<\/p>\n<h2 style=\"text-align: center;\"><strong>Cookie Policy<\/strong><\/h2>\n<p>[\/et_pb_text][et_pb_text _builder_version=&#8221;4.9.0&#8243;]<\/p>\n<p>Questa <strong>Cookie Policy<\/strong> ha lo scopo di rendere note le procedure seguite per la raccolta, tramite i cookie delle informazioni fornite dagli utenti tramite il dispositivo che utilizzano per navigare all\u2019interno di questo sito web di titolarit\u00e0\u00a0di\u00a0<span><strong>Consorzio I.T.A.C.A. \u2013 Soc Coop a.r.l.<\/strong>\u00a0<\/span><span>con sede in Italia in Strada S.Lucia, 8 \u2013 06125 Perugia (PG) \u2013\u00a0<\/span><span>P.IVA 02544600543 \u2013 contattabile all\u2019indirizzo e-<\/span><span>mail:\u00a0<a href=\"mailto:info@digitalhub.coop\"><strong>info@consorzioitaca.eu<\/strong>\u00a0o<strong>\u00a0info@digitalhub.coop.<\/strong><\/a><\/span><\/p>\n<p>Il titolare di questo sito web \u00e8 inoltre il Titolare del trattamento dei dati personali raccolti ai sensi del Regolamento Europeo 679\/2016 e di ogni altra normativa applicabile in materia di protezione dei dati personali.<\/p>\n<p>La presente policy deve essere consultata unitamente alla <a href=\"https:\/\/www.digitalhub.coop\/privacy-policy\/\">Privacy Policy<\/a> di DigitalHUB resa disponibile su questo sito web e di cui costituisce parte integrante.<\/p>\n<p>&nbsp;<\/p>\n<p><strong>Informazioni generali sull\u2019utilizzo dei cookie<\/strong><\/p>\n<p>Utilizziamo cookie in alcune aree del nostro sito. I cookie sono dei file che immagazzinano le informazioni sugli hard drive o sul browser. Permettono a questo sito di controllare se i nostri utenti hanno gi\u00e0 visitato il sito, o ci consentono di capire quali sono le pagine del sito pi\u00f9 visitate (in quanto i cookie consentono di vedere quali pagine sono visitate e per quanto tempo). Attraverso questi dati riusciamo a rendere il sito pi\u00f9 aderente alle richieste dei nostri utenti e pi\u00f9 semplice la navigazione. Ad esempio, i cookie ci consentono di assicurare agli utenti che le informazioni presenti sul nostro sito nelle loro future visite rispondano alle preferenze manifestate.<\/p>\n<p>Ci teniamo ad informare i nostri utenti che si pu\u00f2 configurare il browser per accettare o rifiutare i cookie, o avvertire quando un cookie \u00e8 stato inviato. Ogni browser \u00e8 diverso, pertanto occorre verificare nello specifico browser utilizzato come configurare le opzioni. DigitalHUB informa i propri utenti che quando un sito \u00e8 stato strutturato per usare i cookie di tipo tecnico, ogni loro disinstallazione potrebbe inficiare il funzionamento del sito e non consentire il miglior uso dello stesso.<\/p>\n<p>Riportiamo qui di seguito alcuni link alle pagine informative online per la configurazione dei browser pi\u00f9 diffusi:<\/p>\n<p><a href=\"http:\/\/windows.microsoft.com\/en-us\/windows-vista\/block-or-allow-cookies\">Microsoft Windows Explorer\u2122: http:\/\/windows.microsoft.com\/en-us\/windows-vista\/block-or-allow-cookies<\/a><\/p>\n<p><a href=\"http:\/\/www.apple.com\/it\/support\/\">Apple Safari\u2122: http:\/\/www.apple.com\/it\/support\/<\/a><\/p>\n<p><a href=\"%20https:\/\/support.google.com\/chrome\/answer\/95647?hl=it&amp;hlrm=en\">Google Chrome\u2122: https:\/\/support.google.com\/chrome\/answer\/95647?hl=it&amp;hlrm=en<\/a><\/p>\n<p><a href=\"http:\/\/support.mozilla.org\/it\/kb\/Attivare%20e%20disattivare%20i%20cookie\">Mozilla Firefox\u2122: http:\/\/support.mozilla.org\/it\/kb\/Attivare%20e%20disattivare%20i%20cookie<\/a><\/p>\n<p><a href=\"http:\/\/help.opera.com\/Windows\/10.20\/it\/cookies.html\">Opera\u2122: http:\/\/help.opera.com\/Windows\/10.20\/it\/cookies.html<\/a><\/p>\n<p>DigitalHUB rende noto agli utenti, inoltre, di utilizzare anche cookie diversi dai cookie tecnici, i c.d. cookie di profilazione, che sono invece sempre disattivabili dall\u2019utente senza che questo comporti alcuna riduzione delle funzionalit\u00e0 del sito web visualizzato.<\/p>\n<p>Informazioni sui tipi di cookie e sulla politica di utilizzo da parte di DigitalHUB<\/p>\n<p>DigitalHUB desidera informare dettagliatamente gli utenti del sito web circa le tipologie di cookie utilizzati, le finalit\u00e0 di utilizzo e le modalit\u00e0 di configurazione dei cookie rese disponibili agli utenti.<\/p>\n<p>La politica di DigitalHUB sull\u2019uso dei cookie prevede principalmente:<\/p>\n<p>-uso non sistematico e generalizzato ma limitato esclusivamente a circostanze e finalit\u00e0 specifiche;<\/p>\n<p>-raccolta di un consenso informato degli utenti quando necessario, mediante banner informativo pubblicato nella pagina del sito web visualizzata dall\u2019utente al primo accesso e cookie policy resa permanentemente disponibile mediante pubblicazione all\u2019interno del sito web stesso.<\/p>\n<p>-I cookie possono essere distinti in due macro-categorie: cookie &#8220;tecnici&#8221; e cookie &#8220;di profilazione&#8221;; inoltre i cookie possono distinguersi fra i cookie di DigitalHUB e i cookie di terze parti<\/p>\n<p>Continuando a leggere cosa prevede la nostra politica, \u00e8 possibile comprendere nello specifico i diversi tipi di cookie utilizzati da DigitalHUB.<\/p>\n<p>&nbsp;<\/p>\n<p><strong>Cookie tecnici<\/strong><\/p>\n<p>I cookie tecnici sono quelli utilizzati al solo fine di effettuare la trasmissione di una comunicazione su una rete di comunicazione elettronica, o nella misura strettamente necessaria ad erogare un servizio richiesto dall\u2019utente. Essi non vengono utilizzati da DigitalHUB per scopi ulteriori e possono essere suddivisi in cookie di navigazione o di sessione , che garantiscono la normale navigazione e fruizione del sito web (permettendo, ad esempio, di autenticarsi per accedere ad aree riservate del sito web); cookie analytics , assimilati ai cookie tecnici laddove utilizzati direttamente per raccogliere informazioni, in forma aggregata, sul numero degli utenti e su come questi visitano il sito stesso; cookie di funzionalit\u00e0, che permettono all&#8217;utente la navigazione in funzione di una serie di criteri selezionati (ad esempio, la lingua) al fine di migliorare il servizio reso da DigitalHUB ai suoi utenti. Per esempio, laddove l\u2019utente ha visitato una pagina di uno dei siti web di DigitalHUB personalizzandola e vuole che alla visita successiva questa gli sia restituita cos\u00ec come l\u2019aveva impostata, DigitalHUB pu\u00f2 garantire questa funzionalit\u00e0 attraverso l\u2019uso di un cookie.<\/p>\n<p>Per l&#8217;installazione di tali cookie non \u00e8 prevista la necessit\u00e0 di richiedere il preventivo consenso degli utenti.<\/p>\n<p>&nbsp;<\/p>\n<p><strong>Cookie di profilazione<\/strong><\/p>\n<p>I cookie di profilazione sono volti a creare profili relativi all&#8217;utente e vengono utilizzati da DigitalHUB al fine di inviare messaggi pubblicitari in linea con le preferenze manifestate dall\u2019utente nell&#8217;ambito della navigazione in rete. Ci\u00f2 significa che li utilizziamo anche per limitare il numero di volte in cui l\u2019utente visualizza una determinata pubblicit\u00e0: per DigitalHUB significa anche comunicare in modo pi\u00f9 efficace e per l\u2019utente ricevere pubblicit\u00e0 pi\u00f9 vicina alle sue preferenze. Mentre l\u2019utente naviga all\u2019interno dei siti di titolarit\u00e0 di DigitalHUB, i cookie di profilazione &#8211; anche detti cookie promozionali o di targeting &#8211; permettono a DigitalHUB di avere conferma che l\u2019utente sta consultando i messaggi pubblicitari di DigitalHUB e di mostrargli contenuti promozionali che possono essere di suo interesse in base a ci\u00f2 che ha gi\u00e0 visitato in precedenza.<\/p>\n<p>In ragione della possibile invasivit\u00e0 che questo tipo di cookie pu\u00f2 avere nell&#8217;ambito della sfera privata degli utenti, \u00e8 prevista la necessit\u00e0 di richiedere il preventivo consenso informato degli utenti e la politica di DigitalHUB si conforma a tale adempimento preventivo all\u2019uso dei cookie.<\/p>\n<p>I cookie promozionali, che possono essere anche permanenti, possono essere non solo di DigitalHUB (c.d. cookie di prima parte) ma anche di terza parte:<\/p>\n<p>&nbsp;<\/p>\n<p><strong>Cookie di prima parte<\/strong><\/p>\n<p>Sono i cookie gestiti direttamente da DigitalHUB in qualit\u00e0 di titolare del sito, e per questi cookie sono fornite all\u2019utente direttamente da noi le istruzioni per la configurazione ed eventuale disattivazione.<\/p>\n<p>&nbsp;<\/p>\n<p><strong>Cookie di terza parte<\/strong><\/p>\n<p>Sono i cookie gestiti da un soggetto terzo diverso da DigitalHUB, e per questi cookie DigitalHUB rimanda alle istruzioni per la configurazione ed eventuale disattivazione indicate direttamente dalla terza parte in questione, anche mediante reindirizzamento diretto dell\u2019utente (ad es. tramite link) al sito della terza parte ove sono rese disponibili le istruzioni di configurazione.<\/p>\n<p>Infine, DigitalHUB \u00a0informa gli utenti che i diversi tipi di cookie possono avere una durata specifica: temporanea o permanente. I cookie con durata temporanea, c.d. cookie di sessione , sono eliminati e scompaiono dal dispositivo quando l\u2019utente esce dal sito internet e chiude il browser di navigazione. Mentre i cookie permanenti , sono cookie che rimangono sul dispositivo anche dopo che l\u2019utente \u00e8 uscito dal sito web fino a quando non li cancella o fino al raggiungimento della loro data di scadenza. Sul sito di DigitalHUB sono utilizzati oltre ai cookie di sessione anche quelli permanenti ad esempio per permettere agli utenti di ritrovare le preferenze che hanno impostato sul sito anche alle visite successive (es. wish list).<\/p>\n<p>Nella tabella riportata di seguito l\u2019utente pu\u00f2 conoscere, per ogni tipo di cookie utilizzato su questo sito, se si tratta di un cookie temporaneo o permanente.<\/p>\n<p>Elenco dei cookie utilizzati da questo sito<\/p>\n<p>Di seguito, in tabella, \u00e8 riportato l\u2019elenco di tutti i cookie utilizzati da questo sito web.<\/p>\n<p>Nel primo gruppo sono elencati i cookie di profilazione, rispetto ai quali \u00e8 possibile procedere anche alla disattivazione in blocco mediante il cursore \u201cON\/OFF\u201d indicato di seguito. Nel secondo gruppo sono elencati i diversi tipi di cookie tecnici.<\/p>\n<p>Cookie di profilazione<\/p>\n<p>La finalit\u00e0 di utilizzo di tutti i cookie di terze parti, sotto indicate, \u00e8 l\u2019invio di pubblicit\u00e0 personalizzata su network terzi locali sulla base del comportamento dell\u2019utente sul sito internet.<\/p>\n<p>L\u2019utente pu\u00f2 sempre prendere visione del tipo di cookie utilizzato e della specifica durata direttamente cliccando il link posto in corrispondenza ad ogni Partner di DigitalHUB.<\/p>\n<p>L\u2019utente pu\u00f2 disattivare tutti i cookie di profilazione cliccando su Configura cookie<\/p>\n<p>L\u2019utente pu\u00f2 prendere visione delle informazioni di configurazione e disattivazione di ciascun tipo di cookie direttamente cliccando il link posto in corrispondenza ad ogni Partner di DigitalHUB.<\/p>\n<p>Google Ads\u00a0\u00a0\u00a0\u00a0\u00a0\u00a0\u00a0 http:\/\/www.google.com\/policies\/technologies\/ads\/<\/p>\n<p>Search Ads 360\u00a0 http:\/\/www.google.com\/policies\/technologies\/ads\/<\/p>\n<p>DV360\u00a0 http:\/\/www.google.com\/policies\/technologies\/ads\/<\/p>\n<p>Google Analytics https:\/\/policies.google.com\/privacy<\/p>\n<p>Facebook\u00a0\u00a0\u00a0\u00a0\u00a0\u00a0\u00a0\u00a0\u00a0 https:\/\/www.facebook.com\/policies\/cookies\/<\/p>\n<p>Google\u00a0 https:\/\/policies.google.com\/technologies\/cookies?hl=it<\/p>\n<p>Hearst\u00a0\u00a0 https:\/\/www.hearst.it\/term-condition.html#tabs-4<\/p>\n<p>&nbsp;<\/p>\n<p><strong>Cookie tecnici<\/strong><\/p>\n<p>L\u2019utente pu\u00f2 prendere visione del tipo di cookie tecnico utilizzato, della specifica finalit\u00e0, della durata e delle implicazioni di configurazione e eventuale disattivazione direttamente cliccando il link posto in corrispondenza ad ogni Partner di DigitalHUB.<\/p>\n<p>Cookie utilizzati per l\u2019analisi anonima delle performance del sito e-Commerce<\/p>\n<p>Cookie di terza parte: Google<\/p>\n<p>https:\/\/developers.google.com\/analytics\/devguides\/collection\/analyticsjs\/cookie-usage<\/p>\n<p>Cookie utilizzati per garantire la normale navigazione e fruizione del sito web, anche al fine di rendere la navigazione condizionata a una serie di criteri selezionati (ad esempio, la lingua)<\/p>\n<p>Cookie di terza parte: Salesforce<\/p>\n<p>https:\/\/documentation.b2c.commercecloud.salesforce.com\/DOC2\/index.jsp?topic=%2Fcom.demandware.dochelp%2FDataProtectionAndPrivacy%2FLocalDataStorage.html&#038;resultof=%22cookie%22%20%22cooki%22%20<\/p>\n<p>Link ad altri siti web<\/p>\n<p>Questo sito web potrebbe contenere link o riferimenti per l\u2019accesso ad altri siti web. DigitalHUB non controlla i cookie di altri siti web, diversi da quelli di titolarit\u00e0 di DigitalHUB, ai quali la presente Cookie Policy non si applica.<\/p>\n<p>&nbsp;<\/p>\n<p><strong>Come contattare il titolare<\/strong><\/p>\n<p>Per qualsiasi domanda, commento o dubbio relativo alla presente Cookie Policy o alla Privacy Policy del sito web, gli utenti possono contattare i titolari del sito DigitalHUB.coop<span>\u00a0all\u2019indirizzo e-<\/span><span>mail:\u00a0<a href=\"mailto:info@digitalhub.coop\"><strong>info@consorzioitaca.eu<\/strong>\u00a0o<strong>\u00a0info@digitalhub.coop.<\/strong><\/a><\/span><span style=\"font-size: 14px;\">\u00a0<\/span><\/p>\n<p><strong>Aggiornamento della presente cookie policy<\/strong><\/p>\n<p>La presente Cookie Policy risulta aggiornata Febbraio 2021. DigitalHUB si riserva in qualunque momento di aggiornare i contenuti della cookie policy provvedendo tempestivamente a pubblicare il testo aggiornato in questa pagina.<\/p>\n<p>[\/et_pb_text][\/et_pb_column][\/et_pb_row][\/et_pb_section]<\/p>\n","protected":false},"excerpt":{"rendered":"<p>Cookie PolicyQuesta Cookie Policy ha lo scopo di rendere note le procedure seguite per la raccolta, tramite i cookie delle informazioni fornite dagli utenti tramite il dispositivo che utilizzano per navigare all\u2019interno di questo sito web di titolarit\u00e0\u00a0di\u00a0Consorzio I.T.A.C.A. \u2013 Soc Coop a.r.l.\u00a0con sede in Italia in Strada S.Lucia, 8 \u2013 06125 Perugia (PG) \u2013\u00a0P.IVA [&hellip;]<\/p>\n","protected":false},"author":1,"featured_media":0,"parent":0,"menu_order":0,"comment_status":"closed","ping_status":"closed","template":"","meta":{"_et_pb_use_builder":"on","_et_pb_old_content":"","_et_gb_content_width":"","footnotes":""},"class_list":["post-797","page","type-page","status-publish","hentry"],"jetpack_sharing_enabled":true,"_links":{"self":[{"href":"https:\/\/www.digitalhub.coop\/en\/wp-json\/wp\/v2\/pages\/797","targetHints":{"allow":["GET"]}}],"collection":[{"href":"https:\/\/www.digitalhub.coop\/en\/wp-json\/wp\/v2\/pages"}],"about":[{"href":"https:\/\/www.digitalhub.coop\/en\/wp-json\/wp\/v2\/types\/page"}],"author":[{"embeddable":true,"href":"https:\/\/www.digitalhub.coop\/en\/wp-json\/wp\/v2\/users\/1"}],"replies":[{"embeddable":true,"href":"https:\/\/www.digitalhub.coop\/en\/wp-json\/wp\/v2\/comments?post=797"}],"version-history":[{"count":4,"href":"https:\/\/www.digitalhub.coop\/en\/wp-json\/wp\/v2\/pages\/797\/revisions"}],"predecessor-version":[{"id":3274,"href":"https:\/\/www.digitalhub.coop\/en\/wp-json\/wp\/v2\/pages\/797\/revisions\/3274"}],"wp:attachment":[{"href":"https:\/\/www.digitalhub.coop\/en\/wp-json\/wp\/v2\/media?parent=797"}],"curies":[{"name":"wp","href":"https:\/\/api.w.org\/{rel}","templated":true}]}}